{"id":34,"date":"2025-11-06T07:47:15","date_gmt":"2025-11-06T06:47:15","guid":{"rendered":"https:\/\/karimusto.oblivion-software.de\/?page_id=34"},"modified":"2025-11-07T08:52:13","modified_gmt":"2025-11-07T07:52:13","slug":"impressum","status":"publish","type":"page","link":"https:\/\/www.karimusto.de\/index.php\/impressum\/","title":{"rendered":"Impressum"},"content":{"rendered":"<style>.kadence-column34_ae0cce-0f > .kt-inside-inner-col,.kadence-column34_ae0cce-0f > .kt-inside-inner-col:before{border-top-left-radius:0px;border-top-right-radius:0px;border-bottom-right-radius:0px;border-bottom-left-radius:0px;}.kadence-column34_ae0cce-0f > .kt-inside-inner-col{column-gap:var(--global-kb-gap-sm, 1rem);}.kadence-column34_ae0cce-0f > .kt-inside-inner-col{flex-direction:column;}.kadence-column34_ae0cce-0f > .kt-inside-inner-col > .aligncenter{width:100%;}.kadence-column34_ae0cce-0f > .kt-inside-inner-col:before{opacity:0.3;}.kadence-column34_ae0cce-0f{position:relative;}@media all and (max-width: 1024px){.kadence-column34_ae0cce-0f > .kt-inside-inner-col{flex-direction:column;justify-content:center;}}@media all and (max-width: 767px){.kadence-column34_ae0cce-0f > .kt-inside-inner-col{flex-direction:column;justify-content:center;}}<\/style>\n<div class=\"wp-block-kadence-column kadence-column34_ae0cce-0f\"><div class=\"kt-inside-inner-col\">\n<h2 class=\"wp-block-heading\">Anbieter gem\u00e4\u00df \u00a7 5 TMG<\/h2>\n\n\n\n<p><strong>Norbert Schlia<\/strong><br>(im Auftrag f\u00fcr Alexander Hirschmann-Habich)<br>Hans-Thoma-Str. 24<br>76327 Pfinztal<br>Deutschland<\/p>\n\n\n\n<ul class=\"wp-block-list\">\n<li>\u260e 0178 \/ 5365230<\/li>\n\n\n\n<li>\u260e 0721 \/ 47051112<\/li>\n\n\n\n<li>\ud83d\udce0 0721 \/ 47051113<\/li>\n\n\n\n<li>\u2709 <a>webmaster@karimusto.de<\/a><\/li>\n<\/ul>\n\n\n\n<h2 class=\"wp-block-heading\">Verantwortlich i.S.d. \u00a7 18 Abs. 2 MStV<\/h2>\n\n\n\n<p><strong>Alexander Hirschmann-Habich<\/strong><br>\u2709 <a>info@karimusto.de<\/a><\/p>\n\n\n\n<h2 class=\"wp-block-heading\">Haftungsausschluss<\/h2>\n\n\n\n<p>Die Inhalte dieser Website wurden mit gr\u00f6\u00dfter Sorgfalt erstellt. F\u00fcr die Richtigkeit, Vollst\u00e4ndigkeit und Aktualit\u00e4t der Inhalte kann jedoch keine Gew\u00e4hr \u00fcbernommen werden. Als Diensteanbieter bin ich gem\u00e4\u00df \u00a7 7 Abs. 1 TMG f\u00fcr eigene Inhalte auf diesen Seiten nach den allgemeinen Gesetzen verantwortlich. Nach \u00a7\u00a7 8 bis 10 TMG bin ich als Diensteanbieter jedoch nicht verpflichtet, \u00fcbermittelte oder gespeicherte fremde Informationen zu \u00fcberwachen oder nach Umst\u00e4nden zu forschen, die auf eine rechtswidrige T\u00e4tigkeit hinweisen. Verpflichtungen zur Entfernung oder Sperrung der Nutzung von Informationen nach den allgemeinen Gesetzen bleiben hiervon unber\u00fchrt. Eine diesbez\u00fcgliche Haftung ist jedoch erst ab dem Zeitpunkt der Kenntnis einer konkreten Rechtsverletzung m\u00f6glich. Bei Bekanntwerden entsprechender Rechtsverletzungen werde ich diese Inhalte umgehend entfernen.<\/p>\n\n\n\n<h2 class=\"wp-block-heading\">Urheberrecht<\/h2>\n\n\n\n<p>Die durch den Seitenbetreiber erstellten Inhalte und Werke auf diesen Seiten unterliegen dem deutschen Urheberrecht. Die Vervielf\u00e4ltigung, Bearbeitung, Verbreitung und jede Art der Verwertung au\u00dferhalb der Grenzen des Urheberrechts bed\u00fcrfen der schriftlichen Zustimmung des jeweiligen Autors bzw. Erstellers. Downloads und Kopien dieser Seite sind nur f\u00fcr den privaten, nicht kommerziellen Gebrauch gestattet. Soweit die Inhalte auf dieser Seite nicht vom Betreiber erstellt wurden, werden die Urheberrechte Dritter beachtet. Sollten Sie trotzdem auf eine Urheberrechtsverletzung aufmerksam werden, bitte ich um einen entsprechenden Hinweis. Bei Bekanntwerden von Rechtsverletzungen werde ich derartige Inhalte umgehend entfernen.<\/p>\n\n\n\n<p>Bilder: \u00a9 Alexander Hirschmann-Habich<\/p>\n<\/div><\/div>\n","protected":false},"excerpt":{"rendered":"<p>Anbieter gem\u00e4\u00df \u00a7 5 TMG Norbert Schlia(im Auftrag f\u00fcr Alexander Hirschmann-Habich)Hans-Thoma-Str. 2476327 PfinztalDeutschland Verantwortlich i.S.d. \u00a7 18 Abs. 2 MStV Alexander Hirschmann-Habich\u2709 info@karimusto.de Haftungsausschluss Die Inhalte dieser Website wurden mit gr\u00f6\u00dfter Sorgfalt erstellt. F\u00fcr die Richtigkeit, Vollst\u00e4ndigkeit und Aktualit\u00e4t der Inhalte kann jedoch keine Gew\u00e4hr \u00fcbernommen werden. Als Diensteanbieter bin ich gem\u00e4\u00df \u00a7 7 Abs&#8230;.<\/p>\n","protected":false},"author":1,"featured_media":0,"parent":0,"menu_order":0,"comment_status":"closed","ping_status":"closed","template":"","meta":{"_kadence_starter_templates_imported_post":false,"_kad_post_transparent":"","_kad_post_title":"","_kad_post_layout":"","_kad_post_sidebar_id":"","_kad_post_content_style":"","_kad_post_vertical_padding":"","_kad_post_feature":"","_kad_post_feature_position":"","_kad_post_header":false,"_kad_post_footer":false,"footnotes":""},"class_list":["post-34","page","type-page","status-publish","hentry"],"yoast_head":"<!-- This site is optimized with the Yoast SEO plugin v26.4 - https:\/\/yoast.com\/wordpress\/plugins\/seo\/ -->\n<title>Impressum - Karimusto - get in shape<\/title>\n<meta name=\"robots\" content=\"index, follow, max-snippet:-1, max-image-preview:large, max-video-preview:-1\" \/>\n<link rel=\"canonical\" href=\"https:\/\/www.karimusto.de\/index.php\/impressum\/\" \/>\n<meta property=\"og:locale\" content=\"de_DE\" \/>\n<meta property=\"og:type\" content=\"article\" \/>\n<meta property=\"og:title\" content=\"Impressum - Karimusto - get in shape\" \/>\n<meta property=\"og:description\" content=\"Anbieter gem\u00e4\u00df \u00a7 5 TMG Norbert Schlia(im Auftrag f\u00fcr Alexander Hirschmann-Habich)Hans-Thoma-Str. 2476327 PfinztalDeutschland Verantwortlich i.S.d. \u00a7 18 Abs. 2 MStV Alexander Hirschmann-Habich\u2709 info@karimusto.de Haftungsausschluss Die Inhalte dieser Website wurden mit gr\u00f6\u00dfter Sorgfalt erstellt. F\u00fcr die Richtigkeit, Vollst\u00e4ndigkeit und Aktualit\u00e4t der Inhalte kann jedoch keine Gew\u00e4hr \u00fcbernommen werden. Als Diensteanbieter bin ich gem\u00e4\u00df \u00a7 7 Abs....\" \/>\n<meta property=\"og:url\" content=\"https:\/\/www.karimusto.de\/index.php\/impressum\/\" \/>\n<meta property=\"og:site_name\" content=\"Karimusto - get in shape\" \/>\n<meta property=\"article:publisher\" content=\"https:\/\/www.facebook.com\/Karimustokoeln\/\" \/>\n<meta property=\"article:modified_time\" content=\"2025-11-07T07:52:13+00:00\" \/>\n<meta name=\"twitter:card\" content=\"summary_large_image\" \/>\n<meta name=\"twitter:label1\" content=\"Gesch\u00e4tzte Lesezeit\" \/>\n\t<meta name=\"twitter:data1\" content=\"3\u00a0Minuten\" \/>\n<script type=\"application\/ld+json\" class=\"yoast-schema-graph\">{\"@context\":\"https:\/\/schema.org\",\"@graph\":[{\"@type\":\"WebPage\",\"@id\":\"https:\/\/www.karimusto.de\/index.php\/impressum\/\",\"url\":\"https:\/\/www.karimusto.de\/index.php\/impressum\/\",\"name\":\"Impressum - Karimusto - get in shape\",\"isPartOf\":{\"@id\":\"https:\/\/www.karimusto.de\/#website\"},\"datePublished\":\"2025-11-06T06:47:15+00:00\",\"dateModified\":\"2025-11-07T07:52:13+00:00\",\"breadcrumb\":{\"@id\":\"https:\/\/www.karimusto.de\/index.php\/impressum\/#breadcrumb\"},\"inLanguage\":\"de\",\"potentialAction\":[{\"@type\":\"ReadAction\",\"target\":[\"https:\/\/www.karimusto.de\/index.php\/impressum\/\"]}]},{\"@type\":\"BreadcrumbList\",\"@id\":\"https:\/\/www.karimusto.de\/index.php\/impressum\/#breadcrumb\",\"itemListElement\":[{\"@type\":\"ListItem\",\"position\":1,\"name\":\"Startseite\",\"item\":\"https:\/\/www.karimusto.de\/\"},{\"@type\":\"ListItem\",\"position\":2,\"name\":\"Impressum\"}]},{\"@type\":\"WebSite\",\"@id\":\"https:\/\/www.karimusto.de\/#website\",\"url\":\"https:\/\/www.karimusto.de\/\",\"name\":\"Karimusto - get in shape\",\"description\":\"Personal Training in K\u00f6ln \u2013 individuell, effektiv, nachhaltig.\",\"publisher\":{\"@id\":\"https:\/\/www.karimusto.de\/#organization\"},\"alternateName\":\"Karimusto\",\"potentialAction\":[{\"@type\":\"SearchAction\",\"target\":{\"@type\":\"EntryPoint\",\"urlTemplate\":\"https:\/\/www.karimusto.de\/?s={search_term_string}\"},\"query-input\":{\"@type\":\"PropertyValueSpecification\",\"valueRequired\":true,\"valueName\":\"search_term_string\"}}],\"inLanguage\":\"de\"},{\"@type\":\"Organization\",\"@id\":\"https:\/\/www.karimusto.de\/#organization\",\"name\":\"Karimusto \u2013 Personal Training Alexander Hirschmann-Habich\",\"alternateName\":\"Karimusto \u2013 Personal Training\",\"url\":\"https:\/\/www.karimusto.de\/\",\"logo\":{\"@type\":\"ImageObject\",\"inLanguage\":\"de\",\"@id\":\"https:\/\/www.karimusto.de\/#\/schema\/logo\/image\/\",\"url\":\"https:\/\/www.karimusto.de\/wp-content\/uploads\/2025\/11\/SVGLogo.svg\",\"contentUrl\":\"https:\/\/www.karimusto.de\/wp-content\/uploads\/2025\/11\/SVGLogo.svg\",\"caption\":\"Karimusto \u2013 Personal Training Alexander Hirschmann-Habich\"},\"image\":{\"@id\":\"https:\/\/www.karimusto.de\/#\/schema\/logo\/image\/\"},\"sameAs\":[\"https:\/\/www.facebook.com\/Karimustokoeln\/\",\"https:\/\/www.instagram.com\/karimusto\/\"]}]}<\/script>\n<!-- \/ Yoast SEO plugin. -->","yoast_head_json":{"title":"Impressum - Karimusto - get in shape","robots":{"index":"index","follow":"follow","max-snippet":"max-snippet:-1","max-image-preview":"max-image-preview:large","max-video-preview":"max-video-preview:-1"},"canonical":"https:\/\/www.karimusto.de\/index.php\/impressum\/","og_locale":"de_DE","og_type":"article","og_title":"Impressum - Karimusto - get in shape","og_description":"Anbieter gem\u00e4\u00df \u00a7 5 TMG Norbert Schlia(im Auftrag f\u00fcr Alexander Hirschmann-Habich)Hans-Thoma-Str. 2476327 PfinztalDeutschland Verantwortlich i.S.d. \u00a7 18 Abs. 2 MStV Alexander Hirschmann-Habich\u2709 info@karimusto.de Haftungsausschluss Die Inhalte dieser Website wurden mit gr\u00f6\u00dfter Sorgfalt erstellt. F\u00fcr die Richtigkeit, Vollst\u00e4ndigkeit und Aktualit\u00e4t der Inhalte kann jedoch keine Gew\u00e4hr \u00fcbernommen werden. Als Diensteanbieter bin ich gem\u00e4\u00df \u00a7 7 Abs....","og_url":"https:\/\/www.karimusto.de\/index.php\/impressum\/","og_site_name":"Karimusto - get in shape","article_publisher":"https:\/\/www.facebook.com\/Karimustokoeln\/","article_modified_time":"2025-11-07T07:52:13+00:00","twitter_card":"summary_large_image","twitter_misc":{"Gesch\u00e4tzte Lesezeit":"3\u00a0Minuten"},"schema":{"@context":"https:\/\/schema.org","@graph":[{"@type":"WebPage","@id":"https:\/\/www.karimusto.de\/index.php\/impressum\/","url":"https:\/\/www.karimusto.de\/index.php\/impressum\/","name":"Impressum - Karimusto - get in shape","isPartOf":{"@id":"https:\/\/www.karimusto.de\/#website"},"datePublished":"2025-11-06T06:47:15+00:00","dateModified":"2025-11-07T07:52:13+00:00","breadcrumb":{"@id":"https:\/\/www.karimusto.de\/index.php\/impressum\/#breadcrumb"},"inLanguage":"de","potentialAction":[{"@type":"ReadAction","target":["https:\/\/www.karimusto.de\/index.php\/impressum\/"]}]},{"@type":"BreadcrumbList","@id":"https:\/\/www.karimusto.de\/index.php\/impressum\/#breadcrumb","itemListElement":[{"@type":"ListItem","position":1,"name":"Startseite","item":"https:\/\/www.karimusto.de\/"},{"@type":"ListItem","position":2,"name":"Impressum"}]},{"@type":"WebSite","@id":"https:\/\/www.karimusto.de\/#website","url":"https:\/\/www.karimusto.de\/","name":"Karimusto - get in shape","description":"Personal Training in K\u00f6ln \u2013 individuell, effektiv, nachhaltig.","publisher":{"@id":"https:\/\/www.karimusto.de\/#organization"},"alternateName":"Karimusto","potentialAction":[{"@type":"SearchAction","target":{"@type":"EntryPoint","urlTemplate":"https:\/\/www.karimusto.de\/?s={search_term_string}"},"query-input":{"@type":"PropertyValueSpecification","valueRequired":true,"valueName":"search_term_string"}}],"inLanguage":"de"},{"@type":"Organization","@id":"https:\/\/www.karimusto.de\/#organization","name":"Karimusto \u2013 Personal Training Alexander Hirschmann-Habich","alternateName":"Karimusto \u2013 Personal Training","url":"https:\/\/www.karimusto.de\/","logo":{"@type":"ImageObject","inLanguage":"de","@id":"https:\/\/www.karimusto.de\/#\/schema\/logo\/image\/","url":"https:\/\/www.karimusto.de\/wp-content\/uploads\/2025\/11\/SVGLogo.svg","contentUrl":"https:\/\/www.karimusto.de\/wp-content\/uploads\/2025\/11\/SVGLogo.svg","caption":"Karimusto \u2013 Personal Training Alexander Hirschmann-Habich"},"image":{"@id":"https:\/\/www.karimusto.de\/#\/schema\/logo\/image\/"},"sameAs":["https:\/\/www.facebook.com\/Karimustokoeln\/","https:\/\/www.instagram.com\/karimusto\/"]}]}},"_links":{"self":[{"href":"https:\/\/www.karimusto.de\/index.php\/wp-json\/wp\/v2\/pages\/34","targetHints":{"allow":["GET"]}}],"collection":[{"href":"https:\/\/www.karimusto.de\/index.php\/wp-json\/wp\/v2\/pages"}],"about":[{"href":"https:\/\/www.karimusto.de\/index.php\/wp-json\/wp\/v2\/types\/page"}],"author":[{"embeddable":true,"href":"https:\/\/www.karimusto.de\/index.php\/wp-json\/wp\/v2\/users\/1"}],"replies":[{"embeddable":true,"href":"https:\/\/www.karimusto.de\/index.php\/wp-json\/wp\/v2\/comments?post=34"}],"version-history":[{"count":3,"href":"https:\/\/www.karimusto.de\/index.php\/wp-json\/wp\/v2\/pages\/34\/revisions"}],"predecessor-version":[{"id":171,"href":"https:\/\/www.karimusto.de\/index.php\/wp-json\/wp\/v2\/pages\/34\/revisions\/171"}],"wp:attachment":[{"href":"https:\/\/www.karimusto.de\/index.php\/wp-json\/wp\/v2\/media?parent=34"}],"curies":[{"name":"wp","href":"https:\/\/api.w.org\/{rel}","templated":true}]}}